{"id":51665,"date":"2017-10-19T16:25:18","date_gmt":"2017-10-19T14:25:18","guid":{"rendered":"http:\/\/romaqua-group.ro\/brands\/stanceni\/"},"modified":"2020-09-09T15:57:31","modified_gmt":"2020-09-09T12:57:31","slug":"stanceni","status":"publish","type":"page","link":"https:\/\/romaqua-group.ro\/en\/brands\/stanceni\/","title":{"rendered":"St\u00e2nceni"},"content":{"rendered":"<p>[vc_row row_height_percent=&#8221;0&#8243; override_padding=&#8221;yes&#8221; h_padding=&#8221;2&#8243; top_padding=&#8221;2&#8243; bottom_padding=&#8221;0&#8243; overlay_alpha=&#8221;50&#8243; gutter_size=&#8221;3&#8243; shift_y=&#8221;0&#8243; css=&#8221;.vc_custom_1500224160018{margin-top: 75px !important;}&#8221;][vc_column width=&#8221;1\/1&#8243;][vc_custom_heading heading_semantic=&#8221;h3&#8243; text_size=&#8221;h3&#8243; separator=&#8221;yes&#8221;]<\/p>\n<h3><span id=\"result_box\" class=\"\" lang=\"en\"><span class=\"\">A drop of life in the heart of Transylvania, in the Calimani Mountains<\/span><\/span><\/h3>\n<p>[\/vc_custom_heading][\/vc_column][\/vc_row][vc_row row_height_percent=&#8221;0&#8243; overlay_alpha=&#8221;50&#8243; gutter_size=&#8221;3&#8243; shift_y=&#8221;0&#8243;][vc_column column_width_percent=&#8221;100&#8243; overlay_alpha=&#8221;50&#8243; gutter_size=&#8221;3&#8243; medium_width=&#8221;5&#8243; shift_x=&#8221;0&#8243; shift_y=&#8221;0&#8243; z_index=&#8221;0&#8243; width=&#8221;2\/3&#8243;][vc_column_text]Climbing from the heart of the Caliman Mountains &#8211; volcanic mountains, the natural mineral water of St\u00e2nceni is one of the few natural oligo morphological waters that offer optimal hydration and good functioning of the body. <span id=\"result_box\" class=\"\" lang=\"en\">The St\u00e2nceni hydromineral reservoir is situated in the southern part of the C\u0103limani Mountains, in the Mure\u015f Defile of the Mure\u015f Landscape, on the valley of the Mermezeu brook, at approx. <span class=\"\">6 km upstream of its confluence with the Mure\u015f River. The place of occurrence of mineral water sources is at an altitude of 800 m, in a forested area, away from any human activity.<\/span><\/span><\/p>\n<p><span id=\"result_box\" class=\"\" lang=\"en\"><span class=\"\">In its natural state, the natural mineral water &#8220;St\u00e2nceni&#8221; is carbonated and comes from andestic volcanic rocks.<\/span><\/span> <span id=\"result_box\" class=\"\" lang=\"en\">The aquifer is powered by infiltration of rainwater to an estimated depth of approx. 200 m, where the mixture with carbon dioxide from post-volcanic manifestations is made, the main mineralizing and hydrodynamic factor. <span class=\"\">(Natural Mineral Water Guide &#8211; APEMIN)<\/span><\/span><\/p>\n<p><span id=\"result_box\" class=\"\" lang=\"en\"><span class=\"\">The beginning of the bottling activity dates back to 1977, when bottled water in 1 liter bottles was distributed more locally in Mures County.<\/span> <span class=\"\">Later, in 2006, a new, modern, greenfield investment factory built by Romaqua Group is being built.<\/span><\/span><\/p>\n<p>[\/vc_column_text][\/vc_column][vc_column column_width_percent=&#8221;90&#8243; overlay_alpha=&#8221;50&#8243; gutter_size=&#8221;3&#8243; medium_width=&#8221;3&#8243; shift_x=&#8221;0&#8243; shift_y=&#8221;0&#8243; z_index=&#8221;0&#8243; width=&#8221;1\/3&#8243;][vc_single_image media=&#8221;50693&#8243; media_width_percent=&#8221;100&#8243; alignment=&#8221;center&#8221; css_animation=&#8221;right-t-left&#8221; animation_delay=&#8221;200&#8243;][\/vc_column][\/vc_row][vc_row row_height_percent=&#8221;0&#8243; back_image=&#8221;50694&#8243; back_position=&#8221;center center&#8221; overlay_alpha=&#8221;50&#8243; gutter_size=&#8221;3&#8243; shift_y=&#8221;0&#8243; row_height_pixel=&#8221;760&#8243; back_size=&#8221;1400&#8243;][vc_column width=&#8221;1\/1&#8243;][\/vc_column][\/vc_row][vc_row row_height_percent=&#8221;0&#8243; back_image=&#8221;51074&#8243; back_position=&#8221;center bottom&#8221; parallax=&#8221;yes&#8221; overlay_color=&#8221;color-royal-blue-100&#8243; overlay_alpha=&#8221;40&#8243; gutter_size=&#8221;3&#8243; shift_y=&#8221;0&#8243;][vc_column column_width_percent=&#8221;80&#8243; position_vertical=&#8221;bottom&#8221; align_horizontal=&#8221;align_center&#8221; style=&#8221;dark&#8221; overlay_alpha=&#8221;50&#8243; gutter_size=&#8221;3&#8243; medium_width=&#8221;0&#8243; shift_x=&#8221;0&#8243; shift_y=&#8221;0&#8243; z_index=&#8221;0&#8243; width=&#8221;1\/1&#8243; css=&#8221;.vc_custom_1500649944647{padding-top: 80px !important;padding-bottom: 80px !important;}&#8221;][vc_custom_heading separator=&#8221;yes&#8221;]<\/p>\n<h2>Springs of living water<\/h2>\n<h4><span id=\"result_box\" class=\"short_text\" lang=\"en\"><span class=\"\">Perfectly balanced mineral content.<\/span><\/span><\/h4>\n<h4><span id=\"result_box\" class=\"short_text\" lang=\"en\"><span class=\"\">2: 1 &#8211; Ideal ratio between calcium and magnesium.<\/span><\/span><\/h4>\n<p>[\/vc_custom_heading][vc_column_text]<\/p>\n<h5><span style=\"color: #ffffff;\">The St\u00e2nceni Springs are located in the central part of Romania, in the Eastern Carpathians, the protected area of Calimani National Park.<\/span><\/h5>\n<h5><span style=\"color: #ffffff;\">With a low mineral content, the natural mineral water of St\u00e2nceni has a hypotonic character, being rapidly absorbed by human body cells and being easily filtered by the kidney system.\u00a0As a result of its diuretic properties, the mineral water St\u00e2nceni contributes to detoxifying the body and accelerating metabolic functions.<\/span><\/h5>\n<h5>Due to the CO2 content and calcium and magnesium ions, the natural mineral water Stanceni stimulates appetite, favoring digestion and can have diuretic effects. Mineralization recommends it to be drunk throughout the day. The natural mineral water &#8220;St\u00e2nceni&#8221; has a perfectly balanced mineral content, the ideal ratio of 2: 1 between calcium and magnesium, supporting the good functioning of the body in everyday stress, pollutant environment and agglomerated lifestyle.<\/h5>\n<p>[\/vc_column_text][\/vc_column][\/vc_row][vc_row row_height_percent=&#8221;0&#8243; overlay_alpha=&#8221;60&#8243; gutter_size=&#8221;3&#8243; shift_y=&#8221;0&#8243;][vc_column column_width_percent=&#8221;80&#8243; position_vertical=&#8221;bottom&#8221; align_horizontal=&#8221;align_center&#8221; overlay_alpha=&#8221;50&#8243; gutter_size=&#8221;3&#8243; medium_width=&#8221;0&#8243; shift_x=&#8221;0&#8243; shift_y=&#8221;0&#8243; z_index=&#8221;0&#8243; width=&#8221;1\/1&#8243; css=&#8221;.vc_custom_1500650827169{padding-top: 80px !important;}&#8221;][vc_custom_heading separator=&#8221;yes&#8221;]<\/p>\n<h2>Quality awarded with gold<\/h2>\n<p>[\/vc_custom_heading][vc_custom_heading]<\/p>\n<h5>Mineral Water Challenge \u2013 International Water Award<\/h5>\n<p>[\/vc_custom_heading][vc_row_inner row_inner_height_percent=&#8221;0&#8243; overlay_alpha=&#8221;50&#8243; gutter_size=&#8221;3&#8243; shift_y=&#8221;0&#8243;][vc_column_inner column_width_percent=&#8221;100&#8243; align_horizontal=&#8221;align_right&#8221; gutter_size=&#8221;3&#8243; overlay_alpha=&#8221;50&#8243; medium_width=&#8221;3&#8243; align_mobile=&#8221;align_center_mobile&#8221; shift_x=&#8221;0&#8243; shift_y=&#8221;0&#8243; z_index=&#8221;0&#8243; width=&#8221;1\/2&#8243;][vc_single_image media=&#8221;49014&#8243; media_width_use_pixel=&#8221;yes&#8221; alignment=&#8221;center&#8221; css_animation=&#8221;alpha-anim&#8221; animation_speed=&#8221;600&#8243; media_width_pixel=&#8221;400&#8243;][vc_single_image media=&#8221;51956&#8243; media_width_percent=&#8221;100&#8243;][\/vc_column_inner][vc_column_inner column_width_percent=&#8221;100&#8243; style=&#8221;dark&#8221; gutter_size=&#8221;3&#8243; overlay_alpha=&#8221;50&#8243; medium_width=&#8221;5&#8243; align_mobile=&#8221;align_center_mobile&#8221; shift_x=&#8221;0&#8243; shift_y=&#8221;0&#8243; z_index=&#8221;0&#8243; width=&#8221;1\/2&#8243;][vc_column_text]The jury of the &#8220;Mineral Water Challenge&#8221;, held in Portugal in 2015, awarded the &#8220;Gold Medal&#8221; of the carbonated natural mineral water of St\u00e2nceni. With a score of 97 points, out of a maximum of 100, the mineral water St\u00e2nceni managed to place itself at the top of the ranking, outpacing the 175 mineral waters enrolled.[\/vc_column_text][vc_empty_space empty_h=&#8221;2&#8243;][vc_column_text]In 2019 and 2020, Stanceni mineral water was granted the Superior Taste Award &#8211; 2 stars in the tasting contest organized by the International Taste Insititute in Brussels.[\/vc_column_text][\/vc_column_inner][\/vc_row_inner][\/vc_column][\/vc_row][vc_row row_height_percent=&#8221;0&#8243; back_image=&#8221;50680&#8243; back_position=&#8221;center bottom&#8221; overlay_alpha=&#8221;60&#8243; gutter_size=&#8221;3&#8243; shift_y=&#8221;0&#8243; back_size=&#8221;100%&#8221; row_height_pixel=&#8221;500&#8243;][vc_column column_width_percent=&#8221;80&#8243; position_vertical=&#8221;bottom&#8221; align_horizontal=&#8221;align_center&#8221; overlay_alpha=&#8221;50&#8243; gutter_size=&#8221;3&#8243; medium_width=&#8221;0&#8243; shift_x=&#8221;0&#8243; shift_y=&#8221;0&#8243; z_index=&#8221;0&#8243; width=&#8221;1\/1&#8243;][\/vc_column][\/vc_row]<\/p>\n","protected":false},"excerpt":{"rendered":"<p>[vc_row row_height_percent=&#8221;0&#8243; override_padding=&#8221;yes&#8221; h_padding=&#8221;2&#8243; top_padding=&#8221;2&#8243; bottom_padding=&#8221;0&#8243; overlay_alpha=&#8221;50&#8243; gutter_size=&#8221;3&#8243; shift_y=&#8221;0&#8243; css=&#8221;.vc_custom_1500224160018{margin-top: 75px !important;}&#8221;][vc_column width=&#8221;1\/1&#8243;][vc_custom_heading heading_semantic=&#8221;h3&#8243; text_size=&#8221;h3&#8243; separator=&#8221;yes&#8221;] A drop of life [&hellip;]<\/p>\n","protected":false},"author":1,"featured_media":51374,"parent":51319,"menu_order":6,"comment_status":"closed","ping_status":"closed","template":"","meta":[],"_links":{"self":[{"href":"https:\/\/romaqua-group.ro\/en\/wp-json\/wp\/v2\/pages\/51665"}],"collection":[{"href":"https:\/\/romaqua-group.ro\/en\/wp-json\/wp\/v2\/pages"}],"about":[{"href":"https:\/\/romaqua-group.ro\/en\/wp-json\/wp\/v2\/types\/page"}],"author":[{"embeddable":true,"href":"https:\/\/romaqua-group.ro\/en\/wp-json\/wp\/v2\/users\/1"}],"replies":[{"embeddable":true,"href":"https:\/\/romaqua-group.ro\/en\/wp-json\/wp\/v2\/comments?post=51665"}],"version-history":[{"count":6,"href":"https:\/\/romaqua-group.ro\/en\/wp-json\/wp\/v2\/pages\/51665\/revisions"}],"predecessor-version":[{"id":51961,"href":"https:\/\/romaqua-group.ro\/en\/wp-json\/wp\/v2\/pages\/51665\/revisions\/51961"}],"up":[{"embeddable":true,"href":"https:\/\/romaqua-group.ro\/en\/wp-json\/wp\/v2\/pages\/51319"}],"wp:featuredmedia":[{"embeddable":true,"href":"https:\/\/romaqua-group.ro\/en\/wp-json\/wp\/v2\/media\/51374"}],"wp:attachment":[{"href":"https:\/\/romaqua-group.ro\/en\/wp-json\/wp\/v2\/media?parent=51665"}],"curies":[{"name":"wp","href":"https:\/\/api.w.org\/{rel}","templated":true}]}}